{"id":68,"date":"2016-01-31T16:45:47","date_gmt":"2016-01-31T14:45:47","guid":{"rendered":"http:\/\/kreditmarkt-standards.de\/?page_id=68"},"modified":"2019-10-16T09:40:08","modified_gmt":"2019-10-16T07:40:08","slug":"mitgliedschaft","status":"publish","type":"page","link":"https:\/\/kreditmarkt-standards.de\/?page_id=68","title":{"rendered":"Mitgliedschaft"},"content":{"rendered":"<p><strong>Informationen f\u00fcr Interessenten<\/strong><br \/>\nZiel des Vereins ist es, weitere Mitglieder zu gewinnen, insbesondere Kreditinstitute und Verb\u00e4nde aus den drei S\u00e4ulen des Bankensystems sowie Spezialbanken, Hochschulen mit Forschungsschwerpunkten in diesem Bereich, Verb\u00e4nde der Kreditk\u00e4ufer und Servicer, Berater, Anwaltskanzleien sowie Wirtschaftspr\u00fcfungsgesellschaften.<\/p>\n<p>Die Mitgliedschaft beim DKS bietet folgende Vorteile:<\/p>\n<ul>\n<li>Teilnahme an der Entwicklung von Kreditmarkt-Standards gemeinsam mit verschiedenen Experten<\/li>\n<li>(Exklusive) Nutzung von Kreditmarkt-Standardformularen, Prozessstrukturen oder Vertragsklauseln<\/li>\n<li>Fortbildungsveranstaltungen<\/li>\n<li>(Exklusiver) Zugang zu DKS-Ver\u00f6ffentlichungen<\/li>\n<\/ul>\n<p>Mitglied des DKS kann jede nat\u00fcrliche oder juristische Person werden, die den Zweck des DKS unterst\u00fctzen m\u00f6chte. Ein Antrag auf Mitgliedschaft kann formlos per Email an <a href=\"mailto:joerg.keibel@kreditmarkt-standards.de\">joerg.keibel@kreditmarkt-standards.de<\/a> gerichtet werden. Der Mitgliedsbeitrag betr\u00e4gt aktuell 1.500\u20ac im Jahr.<\/p>\n","protected":false},"excerpt":{"rendered":"<p>Informationen f\u00fcr Interessenten Ziel des Vereins ist es, weitere Mitglieder zu gewinnen, insbesondere Kreditinstitute und Verb\u00e4nde aus den drei S\u00e4ulen des Bankensystems sowie Spezialbanken, Hochschulen mit Forschungsschwerpunkten in diesem Bereich, Verb\u00e4nde der Kreditk\u00e4ufer und Servicer, Berater, Anwaltskanzleien sowie Wirtschaftspr\u00fcfungsgesellschaften. Die Mitgliedschaft beim DKS bietet folgende Vorteile: Teilnahme an der Entwicklung von Kreditmarkt-Standards gemeinsam mit verschiedenen [&hellip;]<\/p>\n","protected":false},"author":1,"featured_media":0,"parent":0,"menu_order":0,"comment_status":"closed","ping_status":"closed","template":"","meta":[],"_links":{"self":[{"href":"https:\/\/kreditmarkt-standards.de\/index.php?rest_route=\/wp\/v2\/pages\/68"}],"collection":[{"href":"https:\/\/kreditmarkt-standards.de\/index.php?rest_route=\/wp\/v2\/pages"}],"about":[{"href":"https:\/\/kreditmarkt-standards.de\/index.php?rest_route=\/wp\/v2\/types\/page"}],"author":[{"embeddable":true,"href":"https:\/\/kreditmarkt-standards.de\/index.php?rest_route=\/wp\/v2\/users\/1"}],"replies":[{"embeddable":true,"href":"https:\/\/kreditmarkt-standards.de\/index.php?rest_route=%2Fwp%2Fv2%2Fcomments&post=68"}],"version-history":[{"count":3,"href":"https:\/\/kreditmarkt-standards.de\/index.php?rest_route=\/wp\/v2\/pages\/68\/revisions"}],"predecessor-version":[{"id":797,"href":"https:\/\/kreditmarkt-standards.de\/index.php?rest_route=\/wp\/v2\/pages\/68\/revisions\/797"}],"wp:attachment":[{"href":"https:\/\/kreditmarkt-standards.de\/index.php?rest_route=%2Fwp%2Fv2%2Fmedia&parent=68"}],"curies":[{"name":"wp","href":"https:\/\/api.w.org\/{rel}","templated":true}]}}