{"id":64,"date":"2016-01-31T16:45:02","date_gmt":"2016-01-31T14:45:02","guid":{"rendered":"http:\/\/kreditmarkt-standards.de\/?page_id=64"},"modified":"2022-10-10T08:51:55","modified_gmt":"2022-10-10T06:51:55","slug":"impressum","status":"publish","type":"page","link":"https:\/\/kreditmarkt-standards.de\/?page_id=64","title":{"rendered":"Impressum"},"content":{"rendered":"<div><strong>Anbieter<\/strong><br \/>\nDeutsche Kreditmarkt-Standards e.V. (DKS)<br \/>\nMendelssohnstra\u00dfe 75-77<br \/>\n60325 Frankfurt am Main<\/div>\n<div>Telefon 0171\/3169378<br \/>\nE-Mail: <a href=\"mailto:joerg.keibel@kreditmarkt-standards.de\">joerg.keibel@kreditmarkt-standards.de<\/a><br \/>\nWebsite: <a href=\"http:\/\/www.kreditmarkt-standards.de\/\" target=\"_self\" rel=\"noopener noreferrer\">www.kreditmarkt-standards.de<\/a><\/div>\n<div><strong>Vorstand<\/strong><br \/>\nVorst\u00e4nde im Sinne des Vereinsrechts sind:<br \/>\nProf. Dr. Christoph Schalast (Vors.)<br \/>\nDr. J\u00f6rg Keibel (stv. Vors.)<br \/>\nJens-Georg Nawrath (stv. Vors.)<\/div>\n<div>Johann G. G. Becher<\/div>\n<div>Lars L\u00f6ffelholz<br \/>\nAndr\u00e9 Barth (Schatzm.)<\/div>\n<div><strong>Vereinsregister<\/strong><\/div>\n<div>Amtsgericht Frankfurt am Main<\/div>\n<div><span style=\"line-height: 1.5;\">Gerichtsstra\u00dfe 2<\/span><\/div>\n<div>60313 Frankfurt am Main<\/div>\n<div>Registernummer VR 14846<\/div>\n<div>Steuernummer 45 255 00885<\/div>\n<div>beim Finanzamt Frankfurt am Main III<\/div>\n<div><strong>Webdesign<\/strong><\/div>\n<div>Jan Dzieciol, Berlin<\/div>\n<div><strong>Verantwortlich f\u00fcr das Angebot i.S.d. MDSTV:<\/strong><\/div>\n<div>Vorsitzender des Vorstandes: Prof. Dr. Christoph Schalast<\/div>\n<div><strong>Haftungsausschluss\/Urheberrecht<\/strong><\/div>\n<div>Der DKS bem\u00fcht sich, dass die auf ihrer Website enthaltenen Informationen und Daten zutreffend sind. Eine Haftung oder Garantie f\u00fcr die Aktualit\u00e4t, Richtigkeit und Vollst\u00e4ndigkeit der zur Verf\u00fcgung gestellten Informationen und Daten ist jedoch ausgeschlossen. Dies gilt ebenso f\u00fcr alle anderen Websites, auf die mittels eines Hyperlinks verwiesen wird. Der DKS ist f\u00fcr den Inhalt solcher Websites, die mittels einer solchen Verbindung erreicht werden, ebenfalls nicht verantwortlich. Der DKS beh\u00e4lt sich vor, ohne Ank\u00fcndigung \u00c4nderungen oder Erg\u00e4nzungen der bereitgestellten Informationen oder Daten vorzunehmen. Der Inhalt der DKS-Website ist urheberrechtlich gesch\u00fctzt. Die Vervielf\u00e4ltigung von Informationen oder Daten, insbesondere die Verwendung von Texten, Textteilen oder Bildmaterial bedarf der vorherigen Zustimmung des DKS. S\u00e4mtliche Informationen oder Daten, ihre Nutzung sowie s\u00e4mtliches mit der DKS-Website zusammenh\u00e4ngendes Tun, Dulden oder Unterlassen unterliegen ausschlie\u00dflich deutschem Recht. Erf\u00fcllungsort und ausschlie\u00dflicher Gerichtsstand ist Frankfurt am Main.<\/div>\n","protected":false},"excerpt":{"rendered":"<p>Anbieter Deutsche Kreditmarkt-Standards e.V. (DKS) Mendelssohnstra\u00dfe 75-77 60325 Frankfurt am Main Telefon 0171\/3169378 E-Mail: joerg.keibel@kreditmarkt-standards.de Website: www.kreditmarkt-standards.de Vorstand Vorst\u00e4nde im Sinne des Vereinsrechts sind: Prof. Dr. Christoph Schalast (Vors.) Dr. J\u00f6rg Keibel (stv. Vors.) Jens-Georg Nawrath (stv. Vors.) Johann G. G. Becher Lars L\u00f6ffelholz Andr\u00e9 Barth (Schatzm.) Vereinsregister Amtsgericht Frankfurt am Main Gerichtsstra\u00dfe 2 60313 [&hellip;]<\/p>\n","protected":false},"author":1,"featured_media":0,"parent":48,"menu_order":0,"comment_status":"closed","ping_status":"closed","template":"","meta":[],"_links":{"self":[{"href":"https:\/\/kreditmarkt-standards.de\/index.php?rest_route=\/wp\/v2\/pages\/64"}],"collection":[{"href":"https:\/\/kreditmarkt-standards.de\/index.php?rest_route=\/wp\/v2\/pages"}],"about":[{"href":"https:\/\/kreditmarkt-standards.de\/index.php?rest_route=\/wp\/v2\/types\/page"}],"author":[{"embeddable":true,"href":"https:\/\/kreditmarkt-standards.de\/index.php?rest_route=\/wp\/v2\/users\/1"}],"replies":[{"embeddable":true,"href":"https:\/\/kreditmarkt-standards.de\/index.php?rest_route=%2Fwp%2Fv2%2Fcomments&post=64"}],"version-history":[{"count":15,"href":"https:\/\/kreditmarkt-standards.de\/index.php?rest_route=\/wp\/v2\/pages\/64\/revisions"}],"predecessor-version":[{"id":1415,"href":"https:\/\/kreditmarkt-standards.de\/index.php?rest_route=\/wp\/v2\/pages\/64\/revisions\/1415"}],"up":[{"embeddable":true,"href":"https:\/\/kreditmarkt-standards.de\/index.php?rest_route=\/wp\/v2\/pages\/48"}],"wp:attachment":[{"href":"https:\/\/kreditmarkt-standards.de\/index.php?rest_route=%2Fwp%2Fv2%2Fmedia&parent=64"}],"curies":[{"name":"wp","href":"https:\/\/api.w.org\/{rel}","templated":true}]}}