{"id":56,"date":"2016-01-31T16:43:24","date_gmt":"2016-01-31T14:43:24","guid":{"rendered":"http:\/\/kreditmarkt-standards.de\/?page_id=56"},"modified":"2017-02-17T10:51:14","modified_gmt":"2017-02-17T08:51:14","slug":"ausschuss-privatkunden","status":"publish","type":"page","link":"https:\/\/kreditmarkt-standards.de\/?page_id=56","title":{"rendered":"Ausschuss Privatkunden"},"content":{"rendered":"<div><strong>Themen und Arbeitsbereiche Privatkunden<\/strong><br \/>\nGerade im Privatkundengesch\u00e4ft kommt es weniger auf Vertragsstandards, sondern mehr auf Prozessstandards an. Bei der Abtretung von Privatkundenforderungen \u2013 egal ob Performing, Sub Performing oder Non Performing Loans \u2013 ist die Standardisierung hier eher gering, im Vergleich zu Firmenkundenforderungen oder Immobilienfinanzierungen. Die Standardisierung und damit Vereinfachung von Prozessabl\u00e4ufen erleichtert jedoch die Vorbereitung und Durchf\u00fchrung von Transaktionen und erh\u00f6ht somit die Liquidit\u00e4t im Kreditmarkt.<\/div>\n<div>Entsprechend der Bankenstruktur in Deutschland fokussiert sich der Ausschuss auf den klassischen Konsumentenkredit, der vor allem von den so genannten Regionalbanken \u2013 Sparkassen und Volks-und Raiffeisenbanken \u2013, aber auch von spezialisierten Konsumentenkreditbanken angeboten wird. Doch sind auch die Gro\u00dfbanken in diesem Bereich engagiert, nachdem man im Zuge der Finanzkrise festgestellt hat, dass das Privatkundengesch\u00e4ft ein wichtiges Standbein darstellen kann.Als \u201eBerater\u201c f\u00fcr die einzelnen Banken haben die jeweiligen Verb\u00e4nde \u2013 der Bundesverband deutscher Banken vor allem f\u00fcr die Gro\u00dfbanken; der Bankenfachverband f\u00fcr die Konsumentenkredit- und Autobanken; der Deutsche Sparkassen- und Giroverband mit der Sparkassenakademie f\u00fcr die Sparkassen; der Bundesverband der Deutschen Volks- und Raiffeisenbanken mit der Akademie deutscher Genossenschaften \u2013 bereits Standards erstellt, die allerdings nahezu ausschlie\u00dflich den dem jeweiligen Verband angeh\u00f6renden Mitgliedern zur Verf\u00fcgung gestellt werden.<\/p>\n<p>Regulatorische Anforderungen haben die Standardisierung weiter vorangetrieben. Dieses betrifft vor allem die Novellierung der Mindestanforderungen an das Risikomanagement (MaRisk) im Hinblick auf Risikomanagement und Compliance im Jahr 2012.<\/p>\n<p>Themen des Privatkunden Ausschusses sind die <strong>Vorbereitung einer Transaktion<\/strong> mit folgenden Standards:<\/p>\n<ul>\n<li>Muster Vertraulichkeitserkl\u00e4rung<\/li>\n<li>Muster Funktions\u00fcbertragung<\/li>\n<li>Muster Auftragsdatenverarbeitung<\/li>\n<li>Musteranforderung Datenstruktur<\/li>\n<li>Musterablauf Due Diligence (Buyer\/Vendor Due Diligence)<\/li>\n<li>Anforderungen aus EU-Recht (verantwortungsvolle Kreditvergabe, Datenschutz etc.)<\/li>\n<\/ul>\n<div>sowie die <strong>Durchf\u00fchrung einer Transaktion<\/strong> mit folgenden Standards:<\/div>\n<div><\/div>\n<div>\n<ul>\n<li>Musterinformation Memorandum<\/li>\n<li>Muster Datenraumregeln<\/li>\n<li>Grundstruktur Q&amp;A Prozess<\/li>\n<li>Muster Forderungs\u00fcbertragungsvertrag<\/li>\n<li>Einzelklausel Umsatzsteuer<\/li>\n<li>Prozessstruktur Vertragsabwicklung<\/li>\n<\/ul>\n<p>Die bisherigen Teilnehmer an Sitzungen bzw. Telefonkonferenzen des Ausschusses Privatkunden rekrutieren sich aus Bankvertretern, Vertretern von Verb\u00e4nden, Kreditaufk\u00e4ufern, Beratern und Kanzleien.<\/p>\n<p>Ausschussvorsitzender: Dr. J\u00f6rg Keibel \u2013 <a href=\"mailto:dr.joerg.keibel@hoistfinance.com\">dr.joerg.keibel@hoistfinance.com<\/a><\/p>\n<\/div>\n<\/div>\n","protected":false},"excerpt":{"rendered":"<p>Themen und Arbeitsbereiche Privatkunden Gerade im Privatkundengesch\u00e4ft kommt es weniger auf Vertragsstandards, sondern mehr auf Prozessstandards an. Bei der Abtretung von Privatkundenforderungen \u2013 egal ob Performing, Sub Performing oder Non Performing Loans \u2013 ist die Standardisierung hier eher gering, im Vergleich zu Firmenkundenforderungen oder Immobilienfinanzierungen. Die Standardisierung und damit Vereinfachung von Prozessabl\u00e4ufen erleichtert jedoch die [&hellip;]<\/p>\n","protected":false},"author":1,"featured_media":0,"parent":54,"menu_order":0,"comment_status":"closed","ping_status":"closed","template":"","meta":[],"_links":{"self":[{"href":"https:\/\/kreditmarkt-standards.de\/index.php?rest_route=\/wp\/v2\/pages\/56"}],"collection":[{"href":"https:\/\/kreditmarkt-standards.de\/index.php?rest_route=\/wp\/v2\/pages"}],"about":[{"href":"https:\/\/kreditmarkt-standards.de\/index.php?rest_route=\/wp\/v2\/types\/page"}],"author":[{"embeddable":true,"href":"https:\/\/kreditmarkt-standards.de\/index.php?rest_route=\/wp\/v2\/users\/1"}],"replies":[{"embeddable":true,"href":"https:\/\/kreditmarkt-standards.de\/index.php?rest_route=%2Fwp%2Fv2%2Fcomments&post=56"}],"version-history":[{"count":2,"href":"https:\/\/kreditmarkt-standards.de\/index.php?rest_route=\/wp\/v2\/pages\/56\/revisions"}],"predecessor-version":[{"id":233,"href":"https:\/\/kreditmarkt-standards.de\/index.php?rest_route=\/wp\/v2\/pages\/56\/revisions\/233"}],"up":[{"embeddable":true,"href":"https:\/\/kreditmarkt-standards.de\/index.php?rest_route=\/wp\/v2\/pages\/54"}],"wp:attachment":[{"href":"https:\/\/kreditmarkt-standards.de\/index.php?rest_route=%2Fwp%2Fv2%2Fmedia&parent=56"}],"curies":[{"name":"wp","href":"https:\/\/api.w.org\/{rel}","templated":true}]}}