{"id":50,"date":"2016-01-31T16:42:20","date_gmt":"2016-01-31T14:42:20","guid":{"rendered":"http:\/\/kreditmarkt-standards.de\/?page_id=50"},"modified":"2025-12-11T11:47:43","modified_gmt":"2025-12-11T09:47:43","slug":"vorstand","status":"publish","type":"page","link":"https:\/\/kreditmarkt-standards.de\/?page_id=50","title":{"rendered":"Vorstand"},"content":{"rendered":"<p><strong>Vorsitzender <\/strong><br \/>\n<strong>Prof. Dr. Christoph Schalast<\/strong><br \/>\n<img loading=\"lazy\" class=\"alignnone size-medium wp-image-591\" src=\"http:\/\/kreditmarkt-standards.de\/wp-content\/uploads\/2018\/11\/portraits_2018_065-1-300x200.jpg\" alt=\"\" width=\"300\" height=\"200\" srcset=\"https:\/\/kreditmarkt-standards.de\/wp-content\/uploads\/2018\/11\/portraits_2018_065-1-300x200.jpg 300w, https:\/\/kreditmarkt-standards.de\/wp-content\/uploads\/2018\/11\/portraits_2018_065-1-768x512.jpg 768w, https:\/\/kreditmarkt-standards.de\/wp-content\/uploads\/2018\/11\/portraits_2018_065-1-1024x682.jpg 1024w, https:\/\/kreditmarkt-standards.de\/wp-content\/uploads\/2018\/11\/portraits_2018_065-1.jpg 1181w\" sizes=\"(max-width: 300px) 100vw, 300px\" \/><\/p>\n<p>Geboren 1960. Studium der Rechts- und Politikwissenschaften in Gie\u00dfen, Frankfurt am Main und Lausanne. Referendariat mit Stationen bei Rasor und Schiedermair (heute Linklaters), dem Europ\u00e4ischen Parlament sowie dem Liegenschaftsamt der Stadt Frankfurt am Main. Teilnahme an den Aufbaustudieng\u00e4ngen Droit Compar\u00e9\/Rechtsvergleichung (Stra\u00dfburg) und Europ\u00e4ische Integration (Europainstitut\/Saarbr\u00fccken). Nach der Anwaltszulassung Spezialisierung im Bereich M&amp;A, zun\u00e4chst bei Albert Flad &amp; Schlo\u00dfhan (heute Mayer Brown). 1995 Gr\u00fcndung der Soziet\u00e4t Schalast &amp; Partner mit dem Fokus M&amp;A\/Bank- und Kapitalmarktrecht sowie Telekommunikation\/Medien\/Technologie. Seit den 1990er Jahren ber\u00e4t Prof. Dr. Schalast Regierungen in Osteuropa bei der Wirtschaftsreform. In dieser Funktion war er Mitglied zahlreicher Gesetzgebungskommissionen, vor allem in S\u00fcdosteuropa. Des Weiteren ber\u00e4t er als Sachverst\u00e4ndiger bei deutschen Gesetzgebungsprojekten, insbesondere im Bank- und Kapitalmarktrecht. 1997 wurde Christoph Schalast auf die Professur f\u00fcr Wirtschaftsverwaltungs- und Europarecht der Hochschule Wismar berufen. 2002 wurde er Professor an der Frankfurt School of Finance &amp; Management. Dort initiierte er den Studiengang Master of Mergers &amp; Acquisitions, dessen akademischer Direktor er bis heute ist. An der Frankfurt School hat er den Forschungsbereich Non Performing Loans\/Notleidende Kredite aufgebaut und verantwortet das seit 2006 j\u00e4hrlich stattfindende NPL Forum. 2008 wurde Prof. Dr. Schalast als Professor des Jahres (Wirtschafts- und Rechtswissenschaften) nominiert und 2009 wurde er zum Frankfurt School Professor of Excellence von den Studierenden gew\u00e4hlt. Lehrauftr\u00e4ge nahm er an der FH Frankfurt (Europarecht) sowie der Universit\u00e4t Hamburg (Telekommunikationsrecht) wahr. Prof. Dr. Schalast ist Vorsitzender des Aufsichtsrats der milch &amp; zucker AG sowie Vorsitzender des Beirats der Bundesvereinigung Kreditankauf und Servicing e.V. Als Rechtsanwalt und Notar ist er auf M&amp;A sowie Bank- und Kapitalmarktrecht spezialisiert.<\/p>\n<p><strong>Stellvertretender Vorsitzender <\/strong><br \/>\n<strong>Dr. J\u00f6rg Keibel<\/strong><br \/>\n<img loading=\"lazy\" class=\"alignnone wp-image-587 size-medium\" src=\"http:\/\/kreditmarkt-standards.de\/wp-content\/uploads\/2018\/11\/portraits_2018_017-300x200.jpg\" alt=\"\" width=\"300\" height=\"200\" srcset=\"https:\/\/kreditmarkt-standards.de\/wp-content\/uploads\/2018\/11\/portraits_2018_017-300x200.jpg 300w, https:\/\/kreditmarkt-standards.de\/wp-content\/uploads\/2018\/11\/portraits_2018_017-768x512.jpg 768w, https:\/\/kreditmarkt-standards.de\/wp-content\/uploads\/2018\/11\/portraits_2018_017-1024x682.jpg 1024w, https:\/\/kreditmarkt-standards.de\/wp-content\/uploads\/2018\/11\/portraits_2018_017.jpg 1181w\" sizes=\"(max-width: 300px) 100vw, 300px\" \/><\/p>\n<p>Dr. J\u00f6rg Keibel ist stv. Vorstandsvorsitzender des Deutschen Kreditmarkt-Standards e.V. und Of Counsel in der Kanzlei Schalast &amp; Partner in Frankfurt, wo er Mandanten in den Bereichen NPL Transaktionen, Banking &amp; Finance sowie M&amp;A ber\u00e4t.<br \/>\nNach dem Jura Studium mit Promotion an der Christian-Albrechts-Universit\u00e4t in Kiel und der mehrj\u00e4hrigen T\u00e4tigkeit in zwei Kieler Anwaltssoziet\u00e4ten wechselte er als Leiter des Juristischen Referats zur OTTO-Group nach Hamburg. Dort war er f\u00fcr alle M&amp;A Aktivit\u00e4ten und Kooperationen der OTTO-Group weltweit sowie der Forum Grundst\u00fccksgruppe und ECE verantwortlich. Nach mehrj\u00e4hriger T\u00e4tigkeit als Gesch\u00e4ftsf\u00fchrer der Umweltstiftung WWF Deutschland in Frankfurt wurde er Gesch\u00e4ftsf\u00fchrer verschiedener Gesellschaften der OTTO-Tochtergesellschaft EOS Solutions. Ausschlie\u00dflich im NPL Forderungskauf aktiv war J\u00f6rg Keibel danach bei Arvato InFoScore in Baden- Baden sowie dem schwedischen b\u00f6rsennotierten Finanzinvestor Hoist Finance in Duisburg.<br \/>\nEr vertritt die DKS in der Bundesvereinigung Kreditankauf und Servicing e.V. Berlin und ist Mitglied des International Bankers Forum. Zudem ist J\u00f6rg Keibel Lehrbeauftragter an der Frankfurt School of Finance &amp; Management im M&amp;A Studiengang.<\/p>\n<p><strong>Stellvertretender Vorsitzender <\/strong><br \/>\n<strong>Jens Georg Nawrath<\/strong><br \/>\n<img loading=\"lazy\" class=\"alignnone size-medium wp-image-588\" src=\"http:\/\/kreditmarkt-standards.de\/wp-content\/uploads\/2018\/11\/portraits_2018_012-300x200.jpg\" alt=\"\" width=\"300\" height=\"200\" srcset=\"https:\/\/kreditmarkt-standards.de\/wp-content\/uploads\/2018\/11\/portraits_2018_012-300x200.jpg 300w, https:\/\/kreditmarkt-standards.de\/wp-content\/uploads\/2018\/11\/portraits_2018_012-768x512.jpg 768w, https:\/\/kreditmarkt-standards.de\/wp-content\/uploads\/2018\/11\/portraits_2018_012-1024x682.jpg 1024w, https:\/\/kreditmarkt-standards.de\/wp-content\/uploads\/2018\/11\/portraits_2018_012.jpg 1181w\" sizes=\"(max-width: 300px) 100vw, 300px\" \/><\/p>\n<p>Jens Nawrath ist Senior Managing Director bei Ankura Consulting Germany GmbH mit Sitz in Frankfurt. Er verf\u00fcgt \u00fcber mehr als 30 Jahre Erfahrung in der Beratung von Kunden in den Bereichen Debt Advisory, finanzielle Restrukturierung sowie Fusionen und \u00dcbernahmen. Im Laufe seiner Karriere hat sich Jens Nawrath auf komplexe Finanzierungen und finanzielle Restrukturierungsmandate spezialisiert und sowohl mit b\u00f6rsennotierten als auch privaten Kunden zusammengearbeitet und hat sich mit einer Reihe von Fremdkapitalprodukten, darunter Investment Grade, Leveraged und Structured Finance sowie Asset-Based Finance besch\u00e4ftigt. Er verf\u00fcgt \u00fcber umfangreiche Erfahrung in der Beratung von Refinanzierungen,<br \/>\nCovenant-\u00c4nderungen\/-Verzicht, umfassendem Stakeholder-Management und notleidenden Kreditportfolios f\u00fcr Unternehmen, Immobilien- und Schifffahrtsunternehmen in Krisensituationen. Vor seinem Eintritt bei Ankura leitete Jens die DACH Debt-Advisory-Practice eines globalen Beratungsunternehmens. Er beriet Unternehmens- und Private-Equity-Kunden bei Fremdfinanzierungen und half beim Aufbau einer f\u00fchrenden Grenz\u00fcberschreitenden Beratungspraxis. Dar\u00fcber hinaus war er Partner bei einem der vier gr\u00f6\u00dften Finanzberatungsunternehmen und leitete deren deutsches Debt- und Capital-Advisory-Team. Jens war \u00fcber 20 Jahre in verschiedenen F\u00fchrungspositionen bei der Commerzbank AG t\u00e4tig, darunter mehr als 10 Jahre als Leiter des Portfoliomanagements, Equity and Secondary Markets in der Restrukturierungsabteilung der Bank. Er beriet die Bank bei richtungsweisenden Restrukturierungsf\u00e4llen und notleidenden Kreditportfoliotransaktionen in den Bereichen Unternehmen, Immobilien und Schifffahrt. Jens war au\u00dferdem als Gesch\u00e4ftsf\u00fchrer bei der Leonardo &amp; Co. \/Houlihan Lokey und der Corporate Finance Management GmbH t\u00e4tig.<\/p>\n<p>Die Ankura Consulting Group ist ein unabh\u00e4ngiges Beratungsunternehmen, das Kunden in erfolgskritischen Situationen mit ganzheitlichen L\u00f6sungen im Rahmen von notwendigen Transformationen, im Risikomanagement und bei der Steigerung Ihrer Unternehmensperformance unterst\u00fctzt. Unser globales Team besteht aus Fachexperten und erfahrenen Beratern mit fundierten Branchenkenntnissen. Auf Basis dieser einzigartigen Mischung und unserer nachweislichen Erfolgsbilanz bieten wir Ihnen ma\u00dfgeschneiderte, effektive L\u00f6sungen und einen einzigartigen Service an, welcher Ihre Unternehmenswerte sch\u00fctzt, weiterentwickelt und zur\u00fcckgewinnt.<\/p>\n<p><strong style=\"font-size: revert; color: initial;\">Vorstand<br \/>\n<\/strong><strong>Lars L\u00f6ffelholz<\/strong><br \/>\n<img loading=\"lazy\" class=\"alignnone size-medium wp-image-590\" src=\"http:\/\/kreditmarkt-standards.de\/wp-content\/uploads\/2018\/11\/portraits_2018_053-300x200.jpg\" alt=\"\" width=\"300\" height=\"200\" srcset=\"https:\/\/kreditmarkt-standards.de\/wp-content\/uploads\/2018\/11\/portraits_2018_053-300x200.jpg 300w, https:\/\/kreditmarkt-standards.de\/wp-content\/uploads\/2018\/11\/portraits_2018_053-768x512.jpg 768w, https:\/\/kreditmarkt-standards.de\/wp-content\/uploads\/2018\/11\/portraits_2018_053-1024x682.jpg 1024w, https:\/\/kreditmarkt-standards.de\/wp-content\/uploads\/2018\/11\/portraits_2018_053.jpg 1181w\" sizes=\"(max-width: 300px) 100vw, 300px\" \/><\/p>\n<p>Lars L\u00f6ffelholz ist Bereichsleiter GRM-Intensive Care Service Center und Gesch\u00e4ftsf\u00fchrer der Commerz Service-Center Intensive GmbH der Commerzbank AG. Zuvor war er dort mehrere Jahre als Bereichsleiter Workout Domestic und Privatkunden Standard t\u00e4tig. Von 2004 bis 2008 hatte Herr L\u00f6ffelholz den Distressed Kreditverkauf der Eurohypo AG verantwortet. Er ist ausgebildeter Bankkauffmann und diplomierter Betriebswirt.<\/p>\n<p><strong>Vorstand<br \/>\n<\/strong><strong>Claus Rad\u00fcnz<br \/>\n<img loading=\"lazy\" class=\"alignnone size-medium wp-image-597\" src=\"http:\/\/kreditmarkt-standards.de\/wp-content\/uploads\/2018\/11\/portraits_2018_056-300x200.jpg\" alt=\"\" width=\"300\" height=\"200\" srcset=\"https:\/\/kreditmarkt-standards.de\/wp-content\/uploads\/2018\/11\/portraits_2018_056-300x200.jpg 300w, https:\/\/kreditmarkt-standards.de\/wp-content\/uploads\/2018\/11\/portraits_2018_056-768x512.jpg 768w, https:\/\/kreditmarkt-standards.de\/wp-content\/uploads\/2018\/11\/portraits_2018_056-1024x682.jpg 1024w, https:\/\/kreditmarkt-standards.de\/wp-content\/uploads\/2018\/11\/portraits_2018_056.jpg 1181w\" sizes=\"(max-width: 300px) 100vw, 300px\" \/><br \/>\n<\/strong><\/p>\n<p>Claus Rad\u00fcnz verantwortet bei der Landesbank Baden-W\u00fcrttemberg (LBBW) den Sekund\u00e4rmarkt von problembehafteten oder ausgefallenen Kreditforderungen in Form von Einzel- oder Portfoliotransaktionen, sowohl f\u00fcr unbesicherte wie besicherte Forderungen. Bevor er 2009 zur LBBW stie\u00df, war er u.a. bei der Commerzbank AG und der Credit Suisse in Frankfurt \/ London \/ Singapur f\u00fcr den Aufbau und die Erweiterung des Distressed Loan Tradings, sowie die Sanierung von Financial Institutions, Staaten und internationalen Gro\u00dfunternehmen zust\u00e4ndig. Claus Rad\u00fcnz ist Bankkaufmann, Immobilienfachwirt (IHK), hat in Frankfurt sowie Edinburgh (UK) studiert und einen Abschluss zum Diplom-Betriebswirt (FH) der Frankfurt School of Finance &amp; Management (ehemals Hochschule f\u00fcr Bankwirtschaft). Er ist Beiratsmitglied der BKS (Bundesvereinigung Kreditankauf und Servicing e.V.) sowie Autor diverser Publikationen zum Thema Kredithandel, Restrukturierung und Ausbildung.<\/p>\n<p><strong>Vorstand\/Schatzmeister <\/strong><br \/>\n<strong>Andr\u00e9 Barth<\/strong><\/p>\n<p><img loading=\"lazy\" class=\"alignnone  wp-image-1982\" src=\"https:\/\/kreditmarkt-standards.de\/wp-content\/uploads\/2025\/12\/Barth-2.jpg\" alt=\"\" width=\"267\" height=\"267\" srcset=\"https:\/\/kreditmarkt-standards.de\/wp-content\/uploads\/2025\/12\/Barth-2.jpg 200w, https:\/\/kreditmarkt-standards.de\/wp-content\/uploads\/2025\/12\/Barth-2-150x150.jpg 150w\" sizes=\"(max-width: 267px) 100vw, 267px\" \/><\/p>\n<p>Nach dem Studium in Bayreuth und Mainz (2005) ist Andre Barth seit 2014 bei KUCERA und seit 2018 Partner in der Praxisgruppe Real Estate, Finance &amp; Transactions. Er hat sich auf die Beratung bei Immobilien- und Forderungstransaktionen (einschlie\u00dflich Transaktionsfinanzierung, insbesondere Sicherheitengestaltung) spezialisiert. Weiterer Schwerpunkt seiner T\u00e4tigkeit ist die Restrukturierung notleidender Immobilienfinanzierungen (inklusive work-out, insbesondere Insolvenz, Gesellschaftsrecht und Zwangsma\u00dfnahmen) sowie die Asset Management Beratung (insbesondere gewerbliches Mietrecht, Maklerrecht sowie dingliche Rechtsgestaltungen).<\/p>\n","protected":false},"excerpt":{"rendered":"<p>Vorsitzender Prof. Dr. Christoph Schalast Geboren 1960. Studium der Rechts- und Politikwissenschaften in Gie\u00dfen, Frankfurt am Main und Lausanne. Referendariat mit Stationen bei Rasor und Schiedermair (heute Linklaters), dem Europ\u00e4ischen Parlament sowie dem Liegenschaftsamt der Stadt Frankfurt am Main. Teilnahme an den Aufbaustudieng\u00e4ngen Droit Compar\u00e9\/Rechtsvergleichung (Stra\u00dfburg) und Europ\u00e4ische Integration (Europainstitut\/Saarbr\u00fccken). Nach der Anwaltszulassung Spezialisierung im [&hellip;]<\/p>\n","protected":false},"author":1,"featured_media":0,"parent":48,"menu_order":0,"comment_status":"closed","ping_status":"closed","template":"","meta":[],"_links":{"self":[{"href":"https:\/\/kreditmarkt-standards.de\/index.php?rest_route=\/wp\/v2\/pages\/50"}],"collection":[{"href":"https:\/\/kreditmarkt-standards.de\/index.php?rest_route=\/wp\/v2\/pages"}],"about":[{"href":"https:\/\/kreditmarkt-standards.de\/index.php?rest_route=\/wp\/v2\/types\/page"}],"author":[{"embeddable":true,"href":"https:\/\/kreditmarkt-standards.de\/index.php?rest_route=\/wp\/v2\/users\/1"}],"replies":[{"embeddable":true,"href":"https:\/\/kreditmarkt-standards.de\/index.php?rest_route=%2Fwp%2Fv2%2Fcomments&post=50"}],"version-history":[{"count":19,"href":"https:\/\/kreditmarkt-standards.de\/index.php?rest_route=\/wp\/v2\/pages\/50\/revisions"}],"predecessor-version":[{"id":1983,"href":"https:\/\/kreditmarkt-standards.de\/index.php?rest_route=\/wp\/v2\/pages\/50\/revisions\/1983"}],"up":[{"embeddable":true,"href":"https:\/\/kreditmarkt-standards.de\/index.php?rest_route=\/wp\/v2\/pages\/48"}],"wp:attachment":[{"href":"https:\/\/kreditmarkt-standards.de\/index.php?rest_route=%2Fwp%2Fv2%2Fmedia&parent=50"}],"curies":[{"name":"wp","href":"https:\/\/api.w.org\/{rel}","templated":true}]}}