{"id":48,"date":"2016-01-31T16:41:48","date_gmt":"2016-01-31T14:41:48","guid":{"rendered":"http:\/\/kreditmarkt-standards.de\/?page_id=48"},"modified":"2016-01-31T16:41:48","modified_gmt":"2016-01-31T14:41:48","slug":"der-dks","status":"publish","type":"page","link":"https:\/\/kreditmarkt-standards.de\/?page_id=48","title":{"rendered":"Der DKS"},"content":{"rendered":"<p><strong>Ziele und Zweck des DKS<\/strong><br \/>\nMit der im Oktober 2011 erfolgten Gr\u00fcndung der Vereinigung Deutsche Kreditmarkt-Standards e. V. (DKS) soll die Basis daf\u00fcr geschaffen werden, Prozess- und Vertragsstandards f\u00fcr den deutschen Kreditmarkt und die dort stattfindenden Transaktionen zu schaffen. Die T\u00e4tigkeit des DKS ist nicht auf einen wirtschaftlichen Gesch\u00e4ftsbetrieb gerichtet. Zweck des DKS ist vielmehr die Erweiterung des Wissens \u00fcber das nationale und internationale Kreditgesch\u00e4ft und \u00fcber Kredit(markt)transaktionen sowie die Schaffung von allgemein anerkannten Standardvertragsklauseln sowie Standardprozessen in diesem Bereich.<\/p>\n<p>Die angestrebte Standardisierung soll es Kreditinstituten, die in den letzten Jahren nicht im Transaktionsmarkt t\u00e4tig gewesen sind und somit keine oder wenig Erfahrungswerte ansammeln konnten, erm\u00f6glichen, mit standardisierten Prozessen und Abl\u00e4ufen zuk\u00fcnftig derartige Transaktionen vorbereiten und durchf\u00fchren zu k\u00f6nnen. F\u00fcr alle anderen Kreditinstitute soll die Schaffung von deutschen Kreditmarkt-Standards Prozessverbesserungen bei der Vorbereitung, der Abwicklung und dem Abschluss von Kredittransaktionen erm\u00f6glichen.<\/p>\n<p><strong>Gr\u00fcndungsmitglieder<\/strong><br \/>\nDie Gr\u00fcndungsmitglieder des DKS spiegeln die vorgenannte Zielrichtung im Ansatz wider: Neben drei Kreditinstituten \u2013 Corealcredit Bank, Commerzbank, PBB Deutsche Pfandbriefbank \u2013 sind auch die Kaufinteressenten \u2013 geb\u00fcndelt \u00fcber die Bundesvereinigung Kreditankauf und Servicing e. V. (BKS) \u2013 vertreten. Weitere Gr\u00fcndungsmitglieder sind die internetbasierte Verkaufsplattform The Debt Exchange, die im Bereich der Vertragsstandards bereits erfahrene Kanzlei Mayer Brown und der Frankfurt School Verlag.<\/p>\n<p><strong>Fachaussch\u00fcsse<\/strong><br \/>\nDer Vorstand des DKS hat f\u00fcr die Entwicklung von spezifischen Marktstandards drei Aussch\u00fcsse f\u00fcr Privatkunden, Firmenkunden und Immobilienfinanzierungen geschaffen. Die inhaltliche Arbeit erfolgt in diesen Arbeitsgruppen, in denen Vereinsmitglieder sowie alle anderen Interessierten mitwirken k\u00f6nnen. Es finden regelm\u00e4\u00dfig Ausschusssitzungen statt, deren Ergebnisse der Financial Community im Rahmen von Veranstaltungen wie dem j\u00e4hrlichen NPL Forum pr\u00e4sentiert werden.<\/p>\n","protected":false},"excerpt":{"rendered":"<p>Ziele und Zweck des DKS Mit der im Oktober 2011 erfolgten Gr\u00fcndung der Vereinigung Deutsche Kreditmarkt-Standards e. V. (DKS) soll die Basis daf\u00fcr geschaffen werden, Prozess- und Vertragsstandards f\u00fcr den deutschen Kreditmarkt und die dort stattfindenden Transaktionen zu schaffen. Die T\u00e4tigkeit des DKS ist nicht auf einen wirtschaftlichen Gesch\u00e4ftsbetrieb gerichtet. Zweck des DKS ist vielmehr [&hellip;]<\/p>\n","protected":false},"author":1,"featured_media":0,"parent":0,"menu_order":0,"comment_status":"closed","ping_status":"closed","template":"","meta":[],"_links":{"self":[{"href":"https:\/\/kreditmarkt-standards.de\/index.php?rest_route=\/wp\/v2\/pages\/48"}],"collection":[{"href":"https:\/\/kreditmarkt-standards.de\/index.php?rest_route=\/wp\/v2\/pages"}],"about":[{"href":"https:\/\/kreditmarkt-standards.de\/index.php?rest_route=\/wp\/v2\/types\/page"}],"author":[{"embeddable":true,"href":"https:\/\/kreditmarkt-standards.de\/index.php?rest_route=\/wp\/v2\/users\/1"}],"replies":[{"embeddable":true,"href":"https:\/\/kreditmarkt-standards.de\/index.php?rest_route=%2Fwp%2Fv2%2Fcomments&post=48"}],"version-history":[{"count":1,"href":"https:\/\/kreditmarkt-standards.de\/index.php?rest_route=\/wp\/v2\/pages\/48\/revisions"}],"predecessor-version":[{"id":49,"href":"https:\/\/kreditmarkt-standards.de\/index.php?rest_route=\/wp\/v2\/pages\/48\/revisions\/49"}],"wp:attachment":[{"href":"https:\/\/kreditmarkt-standards.de\/index.php?rest_route=%2Fwp%2Fv2%2Fmedia&parent=48"}],"curies":[{"name":"wp","href":"https:\/\/api.w.org\/{rel}","templated":true}]}}