{"id":46,"date":"2016-01-31T16:41:31","date_gmt":"2016-01-31T14:41:31","guid":{"rendered":"http:\/\/kreditmarkt-standards.de\/?page_id=46"},"modified":"2016-01-31T16:41:31","modified_gmt":"2016-01-31T14:41:31","slug":"standards-fuer-die-abwicklung-closing","status":"publish","type":"page","link":"https:\/\/kreditmarkt-standards.de\/?page_id=46","title":{"rendered":"Standards f\u00fcr die Abwicklung (Closing)"},"content":{"rendered":"<p>Zum Abschluss eines Ausschreibungsverfahrens mit mehreren Interessenten liegen dem Verk\u00e4ufer mehrere Angebote vor, die er vergleichen muss. Hier hilft eine Standardisierung, wenn bereits Haftungs- und Garantieregelungen im Rahmen des Ausschreibungsverfahrens vorgegeben wurden. Hierf\u00fcr wurden bereits von der DKS Mustertexte f\u00fcr Forderungsverk\u00e4ufe entwickelt. Diese Muster sehen bestimmte Haftungsklauseln bzw. Haftungsausschl\u00fcsse vor. Auch ist zu unterscheiden, ob es sich um einen einmaligen Verkauf oder einen revolvierenden Verkauf handelt. Je nach Komplexit\u00e4t des Angebotsverfahrens ergeben sich auch komplexe Angebote. In der Regel reicht es nicht aus, sich nur die H\u00f6he der Kaufpreise anzuschauen und diese zu vergleichen. Vielfach werden Kaufpreisangebote mit bestimmten Annahmen verkn\u00fcpft, die der Verk\u00e4ufer in seine Angebotsbewertung einflie\u00dfen lassen muss. Auf dieser Basis wird von Verk\u00e4ufer- oder K\u00e4uferseite ein Kaufvertragsentwurf gefertigt, der dann die Grundlage der Vertragsverhandlungen bildet. Hier lassen sich Standardisierungen mit Muster-Vertragsklauseln entwickeln, die der Verk\u00e4ufer in seine Angebotsbewertung einflie\u00dfen lassen muss. Haftungsregelungen oder -ausschl\u00fcsse sind dabei als kaufpreiserh\u00f6hend beziehungsweise -erniedrigend zu ber\u00fccksichtigen.<\/p>\n<p>Zum Closing werden die vertraglich festgelegten Bedingungen vollzogen, es erfolgt also die Kaufpreiszahlung gegen Abtretung der Forderung oder des Forderungsbestands. Zudem erfolgt eine Akten\u00fcbergabe. Bei einer Bearbeitung der Forderung oder des Forderungsbestands zwischen Bewertungsstichtag und Closing wird in der Regel der aufgelaufene Geldeingang ausgezahlt, wobei f\u00fcr die zwischenzeitliche Bearbeitung regelm\u00e4\u00dfig ein Bearbeitungsentgelt anf\u00e4llt.<\/p>\n","protected":false},"excerpt":{"rendered":"<p>Zum Abschluss eines Ausschreibungsverfahrens mit mehreren Interessenten liegen dem Verk\u00e4ufer mehrere Angebote vor, die er vergleichen muss. Hier hilft eine Standardisierung, wenn bereits Haftungs- und Garantieregelungen im Rahmen des Ausschreibungsverfahrens vorgegeben wurden. Hierf\u00fcr wurden bereits von der DKS Mustertexte f\u00fcr Forderungsverk\u00e4ufe entwickelt. Diese Muster sehen bestimmte Haftungsklauseln bzw. Haftungsausschl\u00fcsse vor. Auch ist zu unterscheiden, ob [&hellip;]<\/p>\n","protected":false},"author":1,"featured_media":0,"parent":40,"menu_order":0,"comment_status":"closed","ping_status":"closed","template":"","meta":[],"_links":{"self":[{"href":"https:\/\/kreditmarkt-standards.de\/index.php?rest_route=\/wp\/v2\/pages\/46"}],"collection":[{"href":"https:\/\/kreditmarkt-standards.de\/index.php?rest_route=\/wp\/v2\/pages"}],"about":[{"href":"https:\/\/kreditmarkt-standards.de\/index.php?rest_route=\/wp\/v2\/types\/page"}],"author":[{"embeddable":true,"href":"https:\/\/kreditmarkt-standards.de\/index.php?rest_route=\/wp\/v2\/users\/1"}],"replies":[{"embeddable":true,"href":"https:\/\/kreditmarkt-standards.de\/index.php?rest_route=%2Fwp%2Fv2%2Fcomments&post=46"}],"version-history":[{"count":1,"href":"https:\/\/kreditmarkt-standards.de\/index.php?rest_route=\/wp\/v2\/pages\/46\/revisions"}],"predecessor-version":[{"id":47,"href":"https:\/\/kreditmarkt-standards.de\/index.php?rest_route=\/wp\/v2\/pages\/46\/revisions\/47"}],"up":[{"embeddable":true,"href":"https:\/\/kreditmarkt-standards.de\/index.php?rest_route=\/wp\/v2\/pages\/40"}],"wp:attachment":[{"href":"https:\/\/kreditmarkt-standards.de\/index.php?rest_route=%2Fwp%2Fv2%2Fmedia&parent=46"}],"curies":[{"name":"wp","href":"https:\/\/api.w.org\/{rel}","templated":true}]}}