{"id":44,"date":"2016-01-31T16:41:15","date_gmt":"2016-01-31T14:41:15","guid":{"rendered":"http:\/\/kreditmarkt-standards.de\/?page_id=44"},"modified":"2016-01-31T16:41:15","modified_gmt":"2016-01-31T14:41:15","slug":"standards-fuer-die-transaktionsdurchfuehrung","status":"publish","type":"page","link":"https:\/\/kreditmarkt-standards.de\/?page_id=44","title":{"rendered":"Standards f\u00fcr die Transaktionsdurchf\u00fchrung"},"content":{"rendered":"<p>Die Transaktionsdurchf\u00fchrung beginnt mit der Vorbereitung und Einrichtung eines Datenraums. W\u00e4hrend daf\u00fcr fr\u00fcher die Akten an einen zentralen Ort verschafft wurden, ist es heute Standard, dass die relevanten Unterlagen eingescannt und im Rahmen eines virtuellen Datenraums zur Verf\u00fcgung gestellt werden. In den Datenr\u00e4umen werden soweit wie m\u00f6glich alle kaufpreisrelevanten Daten aufbereitet und zur Verf\u00fcgung gestellt, die ein potenzieller K\u00e4ufer zur Bewertung einer Forderung oder eines Forderungsportfolios erwartet. Hier gibt es meistens erhebliche Diskrepanzen. Vielfach sieht sich der Verk\u00e4ufer gar nicht in der Lage, die vom K\u00e4ufer erwarteten Daten zur Verf\u00fcgung zu stellen, da die Banksysteme entsprechende Datenportierungen nicht erm\u00f6glichen. Die Anforderungen der K\u00e4uferseite an die Datenseite lassen sich jedoch ohne weiteres standardisieren. Es gibt bereits individuell standardisierte Herangehensweisen, um die Werthaltigkeit einer Einzelforderung oder eines Forderungsportfolios festzulegen. Sobald diese Standards allgemeing\u00fcltig sind, kann sich die Verk\u00e4uferseite rechtzeitig darauf einstellen und den Datenbestand entsprechend vorbereiten. Es muss dann auch die \u00dcberpr\u00fcfbarkeit der zur Verf\u00fcgung gestellten Daten sichergestellt werden. Hier kommt es wesentlich auf die sogenannte Due-Diligence-Pr\u00fcfung an. Der Datenraum kann ein Teil dieser Due-Diligence-Pr\u00fcfung sein. Eine Due-Diligence-Pr\u00fcfung bedarf sowohl auf Verk\u00e4ufer- als auch auf K\u00e4uferseite einer exakten Vorbereitung, damit die Durchf\u00fchrung alle relevanten Punkte abdeckt. Auch dies l\u00e4sst sich standardisieren, wenn auch die Pr\u00fcfungsbereiche der Due Diligence immer umfangreicher werden bzw. neue Bereiche \u2013 wie z. B. Compliance \u2013 dazukommen. Auch eine Questions&amp;Answers-Struktur l\u00e4sst sich insoweit standardisieren.<\/p>\n<p>Eine notwendige Differenzierung muss hinsichtlich des Verkaufsgegenstands erfolgen. Es gibt erhebliche Unterschiede in der Datenbereitstellung, ob es sich um ein Firmenkundendarlehen (\u201esingle name\u201c), eine immobilienbesicherte Finanzierung oder einen Privatkundenkredit handelt. Auch Sonderformen wie Konsortialdarlehen mit gemeinsamen Sicherheiten sind zu beachten. F\u00fcr die unterschiedlichen Fallkonstellationen werden in den einzelnen Aussch\u00fcssen im Rahmen der DKS Standards entwickelt.<\/p>\n","protected":false},"excerpt":{"rendered":"<p>Die Transaktionsdurchf\u00fchrung beginnt mit der Vorbereitung und Einrichtung eines Datenraums. W\u00e4hrend daf\u00fcr fr\u00fcher die Akten an einen zentralen Ort verschafft wurden, ist es heute Standard, dass die relevanten Unterlagen eingescannt und im Rahmen eines virtuellen Datenraums zur Verf\u00fcgung gestellt werden. In den Datenr\u00e4umen werden soweit wie m\u00f6glich alle kaufpreisrelevanten Daten aufbereitet und zur Verf\u00fcgung gestellt, [&hellip;]<\/p>\n","protected":false},"author":1,"featured_media":0,"parent":40,"menu_order":0,"comment_status":"closed","ping_status":"closed","template":"","meta":[],"_links":{"self":[{"href":"https:\/\/kreditmarkt-standards.de\/index.php?rest_route=\/wp\/v2\/pages\/44"}],"collection":[{"href":"https:\/\/kreditmarkt-standards.de\/index.php?rest_route=\/wp\/v2\/pages"}],"about":[{"href":"https:\/\/kreditmarkt-standards.de\/index.php?rest_route=\/wp\/v2\/types\/page"}],"author":[{"embeddable":true,"href":"https:\/\/kreditmarkt-standards.de\/index.php?rest_route=\/wp\/v2\/users\/1"}],"replies":[{"embeddable":true,"href":"https:\/\/kreditmarkt-standards.de\/index.php?rest_route=%2Fwp%2Fv2%2Fcomments&post=44"}],"version-history":[{"count":1,"href":"https:\/\/kreditmarkt-standards.de\/index.php?rest_route=\/wp\/v2\/pages\/44\/revisions"}],"predecessor-version":[{"id":45,"href":"https:\/\/kreditmarkt-standards.de\/index.php?rest_route=\/wp\/v2\/pages\/44\/revisions\/45"}],"up":[{"embeddable":true,"href":"https:\/\/kreditmarkt-standards.de\/index.php?rest_route=\/wp\/v2\/pages\/40"}],"wp:attachment":[{"href":"https:\/\/kreditmarkt-standards.de\/index.php?rest_route=%2Fwp%2Fv2%2Fmedia&parent=44"}],"curies":[{"name":"wp","href":"https:\/\/api.w.org\/{rel}","templated":true}]}}