{"id":42,"date":"2016-01-31T16:40:49","date_gmt":"2016-01-31T14:40:49","guid":{"rendered":"http:\/\/kreditmarkt-standards.de\/?page_id=42"},"modified":"2016-01-31T16:40:49","modified_gmt":"2016-01-31T14:40:49","slug":"standards-fuer-die-transaktionsvorbereitung","status":"publish","type":"page","link":"https:\/\/kreditmarkt-standards.de\/?page_id=42","title":{"rendered":"Standards f\u00fcr die Transaktionsvorbereitung"},"content":{"rendered":"<p>Eine Transaktion wird in der Regel bankintern vorbereitet, indem eine Analyse des eigenen Forderungsbestands dahingehend erfolgt, ob damit angeh\u00e4ufte Risikoaktiva signifikant reduziert werden k\u00f6nnen. Bedenken bestehen anfangs meistens darin, dass mit einer Auslagerung ein Informationsverlust hinsichtlich der Realisierbarkeit nicht mehr bedienter Kredite verloren gehen k\u00f6nnte. Das Informationsbed\u00fcrfnis kann in der Regel aber \u00fcber ein zu vereinbarendes, standardisierbares Reporting aufgefangen werden. Ebenfalls lassen sich die aufsichtsrechtlichen Berichtspflichten nach \u00a7 25 a KWG so regeln.<\/p>\n<p>Die aus dem eigenen Datenbestand herausgefilterten nicht mehr bedienten Forderungen m\u00fcssen einer Analyse unterzogen werden. Als hilfreich erweist sich dabei zu ermitteln, aufgrund welcher Ursache die Forderung \u00fcberhaupt ausgefallen ist. Notwendig ist es zudem, eine Klassifizierung der Forderungen durchzuf\u00fchren. Insbesondere Insolvenzen sind entweder aus dem Verkaufsportfolio auszugliedern oder als solche besonders zu kennzeichnen. Dieses l\u00e4sst sich alles standardisierbar datentechnisch erfassen, wenn die Anforderungen als Standard im Markt bekannt sind.<\/p>\n<p>Ein sehr wichtiger und vor allem preisrelevanter Punkt ist die Vorbereitung der Forderungsdaten. Je spezifischer die Datenaufbereitung, desto besser der Einblick in die Forderungsstruktur. W\u00e4hrend sich der Verk\u00e4ufer in der Regel darauf konzentriert, wie der Forderungsbestand zu einem bestimmten Stichtag ausgesehen hat, ist f\u00fcr den K\u00e4ufer in der Regel entscheidend, wie der Verk\u00e4ufer mit der nicht mehr bedienten Forderung umgegangen ist, ob gewisse R\u00fcckzahlungen geleistet worden sind und welche spezifischen Ma\u00dfnahmen der Verk\u00e4ufer zur Durchsetzung seiner Forderung bereits durchgef\u00fchrt hat. Es gilt heute nach wie vor der verallgemeinerungsf\u00e4hige Grundsatz: \u201eJe besser die Datenaufbereitung, desto h\u00f6her der Kaufpreis.\u201c<\/p>\n","protected":false},"excerpt":{"rendered":"<p>Eine Transaktion wird in der Regel bankintern vorbereitet, indem eine Analyse des eigenen Forderungsbestands dahingehend erfolgt, ob damit angeh\u00e4ufte Risikoaktiva signifikant reduziert werden k\u00f6nnen. Bedenken bestehen anfangs meistens darin, dass mit einer Auslagerung ein Informationsverlust hinsichtlich der Realisierbarkeit nicht mehr bedienter Kredite verloren gehen k\u00f6nnte. Das Informationsbed\u00fcrfnis kann in der Regel aber \u00fcber ein zu [&hellip;]<\/p>\n","protected":false},"author":1,"featured_media":0,"parent":40,"menu_order":0,"comment_status":"closed","ping_status":"closed","template":"","meta":[],"_links":{"self":[{"href":"https:\/\/kreditmarkt-standards.de\/index.php?rest_route=\/wp\/v2\/pages\/42"}],"collection":[{"href":"https:\/\/kreditmarkt-standards.de\/index.php?rest_route=\/wp\/v2\/pages"}],"about":[{"href":"https:\/\/kreditmarkt-standards.de\/index.php?rest_route=\/wp\/v2\/types\/page"}],"author":[{"embeddable":true,"href":"https:\/\/kreditmarkt-standards.de\/index.php?rest_route=\/wp\/v2\/users\/1"}],"replies":[{"embeddable":true,"href":"https:\/\/kreditmarkt-standards.de\/index.php?rest_route=%2Fwp%2Fv2%2Fcomments&post=42"}],"version-history":[{"count":1,"href":"https:\/\/kreditmarkt-standards.de\/index.php?rest_route=\/wp\/v2\/pages\/42\/revisions"}],"predecessor-version":[{"id":43,"href":"https:\/\/kreditmarkt-standards.de\/index.php?rest_route=\/wp\/v2\/pages\/42\/revisions\/43"}],"up":[{"embeddable":true,"href":"https:\/\/kreditmarkt-standards.de\/index.php?rest_route=\/wp\/v2\/pages\/40"}],"wp:attachment":[{"href":"https:\/\/kreditmarkt-standards.de\/index.php?rest_route=%2Fwp%2Fv2%2Fmedia&parent=42"}],"curies":[{"name":"wp","href":"https:\/\/api.w.org\/{rel}","templated":true}]}}